{"id":328,"date":"2024-03-29T09:57:44","date_gmt":"2024-03-29T13:57:44","guid":{"rendered":"https:\/\/expertise24-7.com\/placement\/?page_id=328"},"modified":"2025-03-11T17:58:45","modified_gmt":"2025-03-11T21:58:45","slug":"preposee-aux-beneficiaires","status":"publish","type":"page","link":"https:\/\/expertise24-7.com\/placement\/preposee-aux-beneficiaires\/","title":{"rendered":"Pr\u00e9pos\u00e9(e) aux b\u00e9n\u00e9ficiaires"},"content":{"rendered":"","protected":false},"excerpt":{"rendered":"","protected":false},"author":1,"featured_media":0,"parent":0,"menu_order":0,"comment_status":"closed","ping_status":"closed","template":"","meta":{"_acf_changed":false,"_seopress_robots_primary_cat":"","_seopress_titles_title":"","_seopress_titles_desc":"","_seopress_robots_index":"","footnotes":""},"class_list":["post-328","page","type-page","status-publish","hentry"],"acf":[],"_links":{"self":[{"href":"https:\/\/expertise24-7.com\/placement\/wp-json\/wp\/v2\/pages\/328","targetHints":{"allow":["GET"]}}],"collection":[{"href":"https:\/\/expertise24-7.com\/placement\/wp-json\/wp\/v2\/pages"}],"about":[{"href":"https:\/\/expertise24-7.com\/placement\/wp-json\/wp\/v2\/types\/page"}],"author":[{"embeddable":true,"href":"https:\/\/expertise24-7.com\/placement\/wp-json\/wp\/v2\/users\/1"}],"replies":[{"embeddable":true,"href":"https:\/\/expertise24-7.com\/placement\/wp-json\/wp\/v2\/comments?post=328"}],"version-history":[{"count":14,"href":"https:\/\/expertise24-7.com\/placement\/wp-json\/wp\/v2\/pages\/328\/revisions"}],"predecessor-version":[{"id":670,"href":"https:\/\/expertise24-7.com\/placement\/wp-json\/wp\/v2\/pages\/328\/revisions\/670"}],"wp:attachment":[{"href":"https:\/\/expertise24-7.com\/placement\/wp-json\/wp\/v2\/media?parent=328"}],"curies":[{"name":"wp","href":"https:\/\/api.w.org\/{rel}","templated":true}]}}